{"id":140,"date":"2026-03-31T10:00:15","date_gmt":"2026-03-31T10:00:15","guid":{"rendered":"https:\/\/muzeumligota.pl\/?page_id=140"},"modified":"2026-04-02T08:45:46","modified_gmt":"2026-04-02T08:45:46","slug":"strona-glowna-2","status":"publish","type":"page","link":"https:\/\/muzeumligota.pl\/","title":{"rendered":"Strona G\u0142owna"},"content":{"rendered":"","protected":false},"excerpt":{"rendered":"","protected":false},"author":1,"featured_media":0,"parent":0,"menu_order":0,"comment_status":"closed","ping_status":"closed","template":"","meta":{"footnotes":""},"class_list":["post-140","page","type-page","status-publish","hentry"],"yoast_head":"<!-- This site is optimized with the Yoast SEO plugin v27.3 - https:\/\/yoast.com\/product\/yoast-seo-wordpress\/ -->\n<title>Muzeum Sztuki Sakralnej w Ligocie Dolnej Najwi\u0119ksza prywatna kolekcja<\/title>\n<meta name=\"description\" content=\"Odkryj najwi\u0119ksz\u0105 w Polsce prywatn\u0105 kolekcj\u0119 sztuki sakralnej w Ligocie Dolnej. Zapraszamy grupy zorganizowane i wycieczki \u2013 wyj\u0105tkowe eksponaty\" \/>\n<meta name=\"robots\" content=\"index, follow, max-snippet:-1, max-image-preview:large, max-video-preview:-1\" \/>\n<link rel=\"canonical\" href=\"https:\/\/muzeumligota.pl\/\" \/>\n<meta property=\"og:locale\" content=\"pl_PL\" \/>\n<meta property=\"og:type\" content=\"article\" \/>\n<meta property=\"og:title\" content=\"Muzeum Sztuki Sakralnej w Ligocie Dolnej Najwi\u0119ksza prywatna kolekcja\" \/>\n<meta property=\"og:description\" content=\"Odkryj najwi\u0119ksz\u0105 w Polsce prywatn\u0105 kolekcj\u0119 sztuki sakralnej w Ligocie Dolnej. Zapraszamy grupy zorganizowane i wycieczki \u2013 wyj\u0105tkowe eksponaty\" \/>\n<meta property=\"og:url\" content=\"https:\/\/muzeumligota.pl\/\" \/>\n<meta property=\"og:site_name\" content=\"Muzeum Sztuki Sakralnej w Ligocie Dolnej\" \/>\n<meta property=\"article:publisher\" content=\"https:\/\/www.facebook.com\/MuzeumLigota\/\" \/>\n<meta property=\"article:modified_time\" content=\"2026-04-02T08:45:46+00:00\" \/>\n<meta name=\"twitter:card\" content=\"summary_large_image\" \/>\n<script type=\"application\/ld+json\" class=\"yoast-schema-graph\">{\"@context\":\"https:\\\/\\\/schema.org\",\"@graph\":[{\"@type\":\"WebPage\",\"@id\":\"https:\\\/\\\/muzeumligota.pl\\\/\",\"url\":\"https:\\\/\\\/muzeumligota.pl\\\/\",\"name\":\"Muzeum Sztuki Sakralnej w Ligocie Dolnej Najwi\u0119ksza prywatna kolekcja\",\"isPartOf\":{\"@id\":\"https:\\\/\\\/muzeumligota.pl\\\/#website\"},\"datePublished\":\"2026-03-31T10:00:15+00:00\",\"dateModified\":\"2026-04-02T08:45:46+00:00\",\"description\":\"Odkryj najwi\u0119ksz\u0105 w Polsce prywatn\u0105 kolekcj\u0119 sztuki sakralnej w Ligocie Dolnej. Zapraszamy grupy zorganizowane i wycieczki \u2013 wyj\u0105tkowe eksponaty\",\"breadcrumb\":{\"@id\":\"https:\\\/\\\/muzeumligota.pl\\\/#breadcrumb\"},\"inLanguage\":\"pl-PL\",\"potentialAction\":[{\"@type\":\"ReadAction\",\"target\":[\"https:\\\/\\\/muzeumligota.pl\\\/\"]}]},{\"@type\":\"BreadcrumbList\",\"@id\":\"https:\\\/\\\/muzeumligota.pl\\\/#breadcrumb\",\"itemListElement\":[{\"@type\":\"ListItem\",\"position\":1,\"name\":\"Strona g\u0142\u00f3wna\",\"item\":\"https:\\\/\\\/muzeumligota.pl\\\/\"},{\"@type\":\"ListItem\",\"position\":2,\"name\":\"Strona G\u0142owna\"}]},{\"@type\":\"WebSite\",\"@id\":\"https:\\\/\\\/muzeumligota.pl\\\/#website\",\"url\":\"https:\\\/\\\/muzeumligota.pl\\\/\",\"name\":\"Muzeum Sztuki Sakralnej w Ligocie Dolnej\",\"description\":\"\",\"publisher\":{\"@id\":\"https:\\\/\\\/muzeumligota.pl\\\/#organization\"},\"potentialAction\":[{\"@type\":\"SearchAction\",\"target\":{\"@type\":\"EntryPoint\",\"urlTemplate\":\"https:\\\/\\\/muzeumligota.pl\\\/?s={search_term_string}\"},\"query-input\":{\"@type\":\"PropertyValueSpecification\",\"valueRequired\":true,\"valueName\":\"search_term_string\"}}],\"inLanguage\":\"pl-PL\"},{\"@type\":\"Organization\",\"@id\":\"https:\\\/\\\/muzeumligota.pl\\\/#organization\",\"name\":\"Muzeum Sztuki Sakralnej w Ligocie Dolnej\",\"url\":\"https:\\\/\\\/muzeumligota.pl\\\/\",\"logo\":{\"@type\":\"ImageObject\",\"inLanguage\":\"pl-PL\",\"@id\":\"https:\\\/\\\/muzeumligota.pl\\\/#\\\/schema\\\/logo\\\/image\\\/\",\"url\":\"https:\\\/\\\/muzeumligota.pl\\\/wp-content\\\/uploads\\\/2026\\\/03\\\/Nowoczesne-logo-Muzeum-Sztuki-Sakralnej.png\",\"contentUrl\":\"https:\\\/\\\/muzeumligota.pl\\\/wp-content\\\/uploads\\\/2026\\\/03\\\/Nowoczesne-logo-Muzeum-Sztuki-Sakralnej.png\",\"width\":500,\"height\":500,\"caption\":\"Muzeum Sztuki Sakralnej w Ligocie Dolnej\"},\"image\":{\"@id\":\"https:\\\/\\\/muzeumligota.pl\\\/#\\\/schema\\\/logo\\\/image\\\/\"},\"sameAs\":[\"https:\\\/\\\/www.facebook.com\\\/MuzeumLigota\\\/\"]}]}<\/script>\n<!-- \/ Yoast SEO plugin. -->","yoast_head_json":{"title":"Muzeum Sztuki Sakralnej w Ligocie Dolnej Najwi\u0119ksza prywatna kolekcja","description":"Odkryj najwi\u0119ksz\u0105 w Polsce prywatn\u0105 kolekcj\u0119 sztuki sakralnej w Ligocie Dolnej. Zapraszamy grupy zorganizowane i wycieczki \u2013 wyj\u0105tkowe eksponaty","robots":{"index":"index","follow":"follow","max-snippet":"max-snippet:-1","max-image-preview":"max-image-preview:large","max-video-preview":"max-video-preview:-1"},"canonical":"https:\/\/muzeumligota.pl\/","og_locale":"pl_PL","og_type":"article","og_title":"Muzeum Sztuki Sakralnej w Ligocie Dolnej Najwi\u0119ksza prywatna kolekcja","og_description":"Odkryj najwi\u0119ksz\u0105 w Polsce prywatn\u0105 kolekcj\u0119 sztuki sakralnej w Ligocie Dolnej. Zapraszamy grupy zorganizowane i wycieczki \u2013 wyj\u0105tkowe eksponaty","og_url":"https:\/\/muzeumligota.pl\/","og_site_name":"Muzeum Sztuki Sakralnej w Ligocie Dolnej","article_publisher":"https:\/\/www.facebook.com\/MuzeumLigota\/","article_modified_time":"2026-04-02T08:45:46+00:00","twitter_card":"summary_large_image","schema":{"@context":"https:\/\/schema.org","@graph":[{"@type":"WebPage","@id":"https:\/\/muzeumligota.pl\/","url":"https:\/\/muzeumligota.pl\/","name":"Muzeum Sztuki Sakralnej w Ligocie Dolnej Najwi\u0119ksza prywatna kolekcja","isPartOf":{"@id":"https:\/\/muzeumligota.pl\/#website"},"datePublished":"2026-03-31T10:00:15+00:00","dateModified":"2026-04-02T08:45:46+00:00","description":"Odkryj najwi\u0119ksz\u0105 w Polsce prywatn\u0105 kolekcj\u0119 sztuki sakralnej w Ligocie Dolnej. Zapraszamy grupy zorganizowane i wycieczki \u2013 wyj\u0105tkowe eksponaty","breadcrumb":{"@id":"https:\/\/muzeumligota.pl\/#breadcrumb"},"inLanguage":"pl-PL","potentialAction":[{"@type":"ReadAction","target":["https:\/\/muzeumligota.pl\/"]}]},{"@type":"BreadcrumbList","@id":"https:\/\/muzeumligota.pl\/#breadcrumb","itemListElement":[{"@type":"ListItem","position":1,"name":"Strona g\u0142\u00f3wna","item":"https:\/\/muzeumligota.pl\/"},{"@type":"ListItem","position":2,"name":"Strona G\u0142owna"}]},{"@type":"WebSite","@id":"https:\/\/muzeumligota.pl\/#website","url":"https:\/\/muzeumligota.pl\/","name":"Muzeum Sztuki Sakralnej w Ligocie Dolnej","description":"","publisher":{"@id":"https:\/\/muzeumligota.pl\/#organization"},"potentialAction":[{"@type":"SearchAction","target":{"@type":"EntryPoint","urlTemplate":"https:\/\/muzeumligota.pl\/?s={search_term_string}"},"query-input":{"@type":"PropertyValueSpecification","valueRequired":true,"valueName":"search_term_string"}}],"inLanguage":"pl-PL"},{"@type":"Organization","@id":"https:\/\/muzeumligota.pl\/#organization","name":"Muzeum Sztuki Sakralnej w Ligocie Dolnej","url":"https:\/\/muzeumligota.pl\/","logo":{"@type":"ImageObject","inLanguage":"pl-PL","@id":"https:\/\/muzeumligota.pl\/#\/schema\/logo\/image\/","url":"https:\/\/muzeumligota.pl\/wp-content\/uploads\/2026\/03\/Nowoczesne-logo-Muzeum-Sztuki-Sakralnej.png","contentUrl":"https:\/\/muzeumligota.pl\/wp-content\/uploads\/2026\/03\/Nowoczesne-logo-Muzeum-Sztuki-Sakralnej.png","width":500,"height":500,"caption":"Muzeum Sztuki Sakralnej w Ligocie Dolnej"},"image":{"@id":"https:\/\/muzeumligota.pl\/#\/schema\/logo\/image\/"},"sameAs":["https:\/\/www.facebook.com\/MuzeumLigota\/"]}]}},"_links":{"self":[{"href":"https:\/\/muzeumligota.pl\/index.php\/wp-json\/wp\/v2\/pages\/140","targetHints":{"allow":["GET"]}}],"collection":[{"href":"https:\/\/muzeumligota.pl\/index.php\/wp-json\/wp\/v2\/pages"}],"about":[{"href":"https:\/\/muzeumligota.pl\/index.php\/wp-json\/wp\/v2\/types\/page"}],"author":[{"embeddable":true,"href":"https:\/\/muzeumligota.pl\/index.php\/wp-json\/wp\/v2\/users\/1"}],"replies":[{"embeddable":true,"href":"https:\/\/muzeumligota.pl\/index.php\/wp-json\/wp\/v2\/comments?post=140"}],"version-history":[{"count":1,"href":"https:\/\/muzeumligota.pl\/index.php\/wp-json\/wp\/v2\/pages\/140\/revisions"}],"predecessor-version":[{"id":141,"href":"https:\/\/muzeumligota.pl\/index.php\/wp-json\/wp\/v2\/pages\/140\/revisions\/141"}],"wp:attachment":[{"href":"https:\/\/muzeumligota.pl\/index.php\/wp-json\/wp\/v2\/media?parent=140"}],"curies":[{"name":"wp","href":"https:\/\/api.w.org\/{rel}","templated":true}]}}